{"id":469,"date":"2013-10-16T09:00:48","date_gmt":"2013-10-16T07:00:48","guid":{"rendered":"http:\/\/www.pliff.se\/?page_id=469"},"modified":"2020-07-04T14:18:15","modified_gmt":"2020-07-04T12:18:15","slug":"om","status":"publish","type":"page","link":"http:\/\/pliff.se\/?page_id=469","title":{"rendered":"OM"},"content":{"rendered":"<p>Pliff \u00e4r Anders Mj\u00f6bring och hj\u00e4lper \u2013 eller, egentligen hj\u00e4lpte \u2013 dig med webbprojekt- och webbproduktionsledning, webbplatser, kampanjsiter, f\u00f6rstudier, banners, gr\u00e4nssnittsutformning, digital design, integrering i publiceringssystem och teknisk id\u00e9f\u00f6rfining.<br \/>\nOch s\u00e5nt.<br \/>\nJag \u00e4r numera projektledare p\u00e5 <a title=\"Fjord\" href=\"http:\/\/fjordnet.com\" target=\"_blank\" rel=\"noopener noreferrer\">Fjord<\/a> i Stockholm, och driver d\u00e4rf\u00f6r ingen aktiv, egen verksamhet.<\/p>\n<p>Pliff\/Anders Mj\u00f6bring<br \/>\nCharlottendalsv\u00e4gen 20<br \/>\n134 39 Gustavsberg<br \/>\n0730 51 34 55<br \/>\n<a href=\"mailto:anders@pliff.se\">anders@pliff.se<br \/>\n<\/a><\/p>\n<p><a href=\"http:\/\/twitter.com\/mjobring\" target=\"_blank\" rel=\"noopener noreferrer\">Twitter<\/a><br \/>\n<a href=\"http:\/\/www.pinterest.com\/mjobring\/\" target=\"_blank\" rel=\"noopener noreferrer\">Pinterest<br \/>\n<\/a><a href=\"https:\/\/www.linkedin.com\/in\/mjobring\" target=\"_blank\" rel=\"noopener noreferrer\">LinkedIn<\/a><br \/>\n<em><br \/>\nAnders Mj\u00f6bring<\/em><\/p>\n<pre>\"Och varf\u00f6r heter f\u00f6retaget 'Pliff'?\"\n \u2013 Jo, det ska jag ber\u00e4tta; n\u00e4r v\u00e5r son var kanske 3 \u00e5r gammal och ville att n\u00e5got skulle ske nu alldeles med en g\u00e5ng f\u00f6rst\u00e4rkte han sitt 'nu' med ett 'pliff''. Allts\u00e5, om du vill att n\u00e5got ska ske med en g\u00e5ng, s\u00e4g: 'pliff, nu!'<\/pre>\n","protected":false},"excerpt":{"rendered":"<p>Pliff \u00e4r Anders Mj\u00f6bring och hj\u00e4lper \u2013 eller, egentligen hj\u00e4lpte \u2013 dig med webbprojekt- och webbproduktionsledning, webbplatser, kampanjsiter, f\u00f6rstudier, banners, gr\u00e4nssnittsutformning, digital design, integrering i publiceringssystem och teknisk id\u00e9f\u00f6rfining. Och s\u00e5nt. Jag \u00e4r numera projektledare p\u00e5 Fjord i Stockholm, och&#8230; <a class=\"more-link\" href=\"http:\/\/pliff.se\/?page_id=469\">Continue Reading &rarr;<\/a><\/p>\n","protected":false},"author":1,"featured_media":0,"parent":0,"menu_order":0,"comment_status":"closed","ping_status":"closed","template":"template-nosidebar.php","meta":{"footnotes":""},"class_list":["post-469","page","type-page","status-publish","hentry"],"_links":{"self":[{"href":"http:\/\/pliff.se\/index.php?rest_route=\/wp\/v2\/pages\/469","targetHints":{"allow":["GET"]}}],"collection":[{"href":"http:\/\/pliff.se\/index.php?rest_route=\/wp\/v2\/pages"}],"about":[{"href":"http:\/\/pliff.se\/index.php?rest_route=\/wp\/v2\/types\/page"}],"author":[{"embeddable":true,"href":"http:\/\/pliff.se\/index.php?rest_route=\/wp\/v2\/users\/1"}],"replies":[{"embeddable":true,"href":"http:\/\/pliff.se\/index.php?rest_route=%2Fwp%2Fv2%2Fcomments&post=469"}],"version-history":[{"count":74,"href":"http:\/\/pliff.se\/index.php?rest_route=\/wp\/v2\/pages\/469\/revisions"}],"predecessor-version":[{"id":1437,"href":"http:\/\/pliff.se\/index.php?rest_route=\/wp\/v2\/pages\/469\/revisions\/1437"}],"wp:attachment":[{"href":"http:\/\/pliff.se\/index.php?rest_route=%2Fwp%2Fv2%2Fmedia&parent=469"}],"curies":[{"name":"wp","href":"https:\/\/api.w.org\/{rel}","templated":true}]}}